{"id":249,"date":"2018-10-05T13:46:58","date_gmt":"2018-10-05T11:46:58","guid":{"rendered":"https:\/\/www.kalottjazzblues.net\/2019\/?page_id=249"},"modified":"2023-02-07T16:03:43","modified_gmt":"2023-02-07T14:03:43","slug":"your-stay","status":"publish","type":"page","link":"https:\/\/www.kalottjazzblues.net\/sv\/your-stay\/","title":{"rendered":"Bo &amp; \u00c4ta"},"content":{"rendered":"<div data-elementor-type=\"wp-page\" data-elementor-id=\"249\" class=\"elementor elementor-249\" data-elementor-post-type=\"page\">\n\t\t\t\t\t\t<section class=\"elementor-section elementor-top-section elementor-element elementor-element-d8e239c elementor-section-boxed elementor-section-height-default elementor-section-height-default\" data-id=\"d8e239c\" data-element_type=\"section\">\n\t\t\t\t\t\t<div class=\"elementor-container elementor-column-gap-default\">\n\t\t\t\t\t<div class=\"elementor-column elementor-col-100 elementor-top-column elementor-element elementor-element-9468895\" data-id=\"9468895\" data-element_type=\"column\">\n\t\t\t<div class=\"elementor-widget-wrap elementor-element-populated\">\n\t\t\t\t\t\t<div class=\"elementor-element elementor-element-e0d4bb6 elementor-widget elementor-widget-spacer\" data-id=\"e0d4bb6\" data-element_type=\"widget\" data-widget_type=\"spacer.default\">\n\t\t\t\t<div class=\"elementor-widget-container\">\n\t\t\t\t\t\t\t<div class=\"elementor-spacer\">\n\t\t\t<div class=\"elementor-spacer-inner\"><\/div>\n\t\t<\/div>\n\t\t\t\t\t\t<\/div>\n\t\t\t\t<\/div>\n\t\t\t\t\t<\/div>\n\t\t<\/div>\n\t\t\t\t\t<\/div>\n\t\t<\/section>\n\t\t\t\t<section class=\"elementor-section elementor-top-section elementor-element elementor-element-6311ab9 elementor-section-boxed elementor-section-height-default elementor-section-height-default\" data-id=\"6311ab9\" data-element_type=\"section\" data-settings=\"{&quot;background_background&quot;:&quot;gradient&quot;}\">\n\t\t\t\t\t\t<div class=\"elementor-container elementor-column-gap-default\">\n\t\t\t\t\t<div class=\"elementor-column elementor-col-100 elementor-top-column elementor-element elementor-element-710a89d\" data-id=\"710a89d\" data-element_type=\"column\">\n\t\t\t<div class=\"elementor-widget-wrap elementor-element-populated\">\n\t\t\t\t\t\t<div class=\"elementor-element elementor-element-2c10a67 elementor-widget elementor-widget-spacer\" data-id=\"2c10a67\" data-element_type=\"widget\" data-widget_type=\"spacer.default\">\n\t\t\t\t<div class=\"elementor-widget-container\">\n\t\t\t\t\t\t\t<div class=\"elementor-spacer\">\n\t\t\t<div class=\"elementor-spacer-inner\"><\/div>\n\t\t<\/div>\n\t\t\t\t\t\t<\/div>\n\t\t\t\t<\/div>\n\t\t\t\t<div class=\"elementor-element elementor-element-fdc05fe elementor-widget elementor-widget-text-editor\" data-id=\"fdc05fe\" data-element_type=\"widget\" data-widget_type=\"text-editor.default\">\n\t\t\t\t<div class=\"elementor-widget-container\">\n\t\t\t\t\t        <div class=\"elementor-text-editor elementor-clearfix\"><h4><strong><a href=\"https:\/\/haparandatornio.com\/sv\/\">HaparandaTornio.se<\/a><\/strong><\/h4><\/div>\n        \t\t\t\t<\/div>\n\t\t\t\t<\/div>\n\t\t\t\t<div class=\"elementor-element elementor-element-298994e elementor-widget elementor-widget-heading\" data-id=\"298994e\" data-element_type=\"widget\" data-widget_type=\"heading.default\">\n\t\t\t\t<div class=\"elementor-widget-container\">\n\t\t\t\t\t<h2 class=\"elementor-heading-title elementor-size-default\">Dubbelt upp med \u00e4ventyr!<\/h2>\t\t\t\t<\/div>\n\t\t\t\t<\/div>\n\t\t\t\t<section class=\"elementor-section elementor-inner-section elementor-element elementor-element-3581aa3 elementor-section-boxed elementor-section-height-default elementor-section-height-default\" data-id=\"3581aa3\" data-element_type=\"section\">\n\t\t\t\t\t\t<div class=\"elementor-container elementor-column-gap-default\">\n\t\t\t\t\t<div class=\"elementor-column elementor-col-50 elementor-inner-column elementor-element elementor-element-28640aa\" data-id=\"28640aa\" data-element_type=\"column\">\n\t\t\t<div class=\"elementor-widget-wrap elementor-element-populated\">\n\t\t\t\t\t\t<div class=\"elementor-element elementor-element-b1cec5d elementor-widget elementor-widget-text-editor\" data-id=\"b1cec5d\" data-element_type=\"widget\" data-widget_type=\"text-editor.default\">\n\t\t\t\t<div class=\"elementor-widget-container\">\n\t\t\t\t\t        <div class=\"elementor-text-editor elementor-clearfix\"><p class=\"translation-block\">\u00c4r du sugen p\u00e5 \u00e4ventyr? Andas in de friska vindarna fr\u00e5n havet h\u00e4r var tv\u00e5 kulturer fr\u00e5n Finland och Sverige m\u00f6ter varandra. I HaparandaTornio hittar du en massa roliga aktiviteter och saker att g\u00f6ra, oavsett om du reser sj\u00e4lv, med en polare eller med hela familjen.<\/p><\/div>\n        \t\t\t\t<\/div>\n\t\t\t\t<\/div>\n\t\t\t\t<div class=\"elementor-element elementor-element-b81a339 elementor-widget elementor-widget-image\" data-id=\"b81a339\" data-element_type=\"widget\" data-widget_type=\"image.default\">\n\t\t\t\t<div class=\"elementor-widget-container\">\n\t\t\t\t\t\t\t\t\t\t\t\t\t\t\t\t<a href=\"https:\/\/haparandatornio.com\/sv\/\" target=\"_blank\">\n\t\t\t\t\t\t\t<img fetchpriority=\"high\" decoding=\"async\" width=\"293\" height=\"300\" src=\"https:\/\/www.kalottjazzblues.net\/wp-content\/uploads\/2022\/04\/HaparandaTornio-stamp-dark-1-293x300.png\" class=\"attachment-medium size-medium wp-image-3025\" alt=\"\" srcset=\"https:\/\/www.kalottjazzblues.net\/wp-content\/uploads\/2022\/04\/HaparandaTornio-stamp-dark-1-293x300.png 293w, https:\/\/www.kalottjazzblues.net\/wp-content\/uploads\/2022\/04\/HaparandaTornio-stamp-dark-1.png 502w\" sizes=\"(max-width: 293px) 100vw, 293px\" \/>\t\t\t\t\t\t\t\t<\/a>\n\t\t\t\t\t\t\t\t\t\t\t\t\t\t\t<\/div>\n\t\t\t\t<\/div>\n\t\t\t\t\t<\/div>\n\t\t<\/div>\n\t\t\t\t<div class=\"elementor-column elementor-col-50 elementor-inner-column elementor-element elementor-element-ec6502a\" data-id=\"ec6502a\" data-element_type=\"column\">\n\t\t\t<div class=\"elementor-widget-wrap\">\n\t\t\t\t\t\t\t<\/div>\n\t\t<\/div>\n\t\t\t\t\t<\/div>\n\t\t<\/section>\n\t\t\t\t\t<\/div>\n\t\t<\/div>\n\t\t\t\t\t<\/div>\n\t\t<\/section>\n\t\t\t\t<section class=\"elementor-section elementor-top-section elementor-element elementor-element-efd0ce7 elementor-section-boxed elementor-section-height-default elementor-section-height-default\" data-id=\"efd0ce7\" data-element_type=\"section\">\n\t\t\t\t\t\t<div class=\"elementor-container elementor-column-gap-default\">\n\t\t\t\t\t<div class=\"elementor-column elementor-col-100 elementor-top-column elementor-element elementor-element-ae66c28\" data-id=\"ae66c28\" data-element_type=\"column\">\n\t\t\t<div class=\"elementor-widget-wrap elementor-element-populated\">\n\t\t\t\t\t\t<div class=\"elementor-element elementor-element-3ca773c elementor-widget elementor-widget-spacer\" data-id=\"3ca773c\" data-element_type=\"widget\" data-widget_type=\"spacer.default\">\n\t\t\t\t<div class=\"elementor-widget-container\">\n\t\t\t\t\t\t\t<div class=\"elementor-spacer\">\n\t\t\t<div class=\"elementor-spacer-inner\"><\/div>\n\t\t<\/div>\n\t\t\t\t\t\t<\/div>\n\t\t\t\t<\/div>\n\t\t\t\t\t<\/div>\n\t\t<\/div>\n\t\t\t\t\t<\/div>\n\t\t<\/section>\n\t\t\t\t<\/div>","protected":false},"excerpt":{"rendered":"<p>HaparandaTornio.com Double the adventure! Are you thirsty for adventure? Breathe in the fresh sea air at the melting pot of two cultures. With us, you will find activities and versatile accommodation options. Whether you are traveling alone or with the whole family. On www.haparandatornio.com, you can get to know the best we have to offer &hellip; <span class=\"more-link-wrap\"><a href=\"https:\/\/www.kalottjazzblues.net\/sv\/your-stay\/\" class=\"more-link\">Read More <span class=\"screen-reader-text\"> &#8220;Your stay&#8221;<\/span><\/a><\/span><\/p>","protected":false},"author":1,"featured_media":0,"parent":0,"menu_order":0,"comment_status":"closed","ping_status":"closed","template":"","meta":{"inline_featured_image":false,"footnotes":""},"yoast_head":"<!-- This site is optimized with the Yoast SEO plugin v24.5 - https:\/\/yoast.com\/wordpress\/plugins\/seo\/ -->\n<title>Your stay - Kalott Jazz&amp;Blues<\/title>\n<meta name=\"robots\" content=\"index, follow, max-snippet:-1, max-image-preview:large, max-video-preview:-1\" \/>\n<link rel=\"canonical\" href=\"https:\/\/www.kalottjazzblues.net\/sv\/bo-ata\/\" \/>\n<meta property=\"og:locale\" content=\"sv_SE\" \/>\n<meta property=\"og:type\" content=\"article\" \/>\n<meta property=\"og:title\" content=\"Your stay - Kalott Jazz&amp;Blues\" \/>\n<meta property=\"og:description\" content=\"HaparandaTornio.com Double the adventure! Are you thirsty for adventure? Breathe in the fresh sea air at the melting pot of two cultures. With us, you will find activities and versatile accommodation options. Whether you are traveling alone or with the whole family. On www.haparandatornio.com, you can get to know the best we have to offer &hellip; Read More &quot;Your stay&quot;\" \/>\n<meta property=\"og:url\" content=\"https:\/\/www.kalottjazzblues.net\/sv\/bo-ata\/\" \/>\n<meta property=\"og:site_name\" content=\"Kalott Jazz&amp;Blues\" \/>\n<meta property=\"article:publisher\" content=\"http:\/\/www.facebook.com\/KalottjazzBluesFestival\" \/>\n<meta property=\"article:modified_time\" content=\"2023-02-07T14:03:43+00:00\" \/>\n<meta property=\"og:image\" content=\"https:\/\/www.kalottjazzblues.net\/wp-content\/uploads\/2022\/04\/HaparandaTornio-stamp-dark-1-293x300.png\" \/>\n<meta name=\"twitter:card\" content=\"summary_large_image\" \/>\n<meta name=\"twitter:label1\" content=\"Ber\u00e4knad l\u00e4stid\" \/>\n\t<meta name=\"twitter:data1\" content=\"1 minut\" \/>\n<script type=\"application\/ld+json\" class=\"yoast-schema-graph\">{\"@context\":\"https:\/\/schema.org\",\"@graph\":[{\"@type\":\"WebPage\",\"@id\":\"https:\/\/www.kalottjazzblues.net\/sv\/bo-ata\/\",\"url\":\"https:\/\/www.kalottjazzblues.net\/sv\/bo-ata\/\",\"name\":\"Your stay - Kalott Jazz&amp;Blues\",\"isPartOf\":{\"@id\":\"https:\/\/www.kalottjazzblues.net\/#website\"},\"primaryImageOfPage\":{\"@id\":\"https:\/\/www.kalottjazzblues.net\/sv\/bo-ata\/#primaryimage\"},\"image\":{\"@id\":\"https:\/\/www.kalottjazzblues.net\/sv\/bo-ata\/#primaryimage\"},\"thumbnailUrl\":\"https:\/\/www.kalottjazzblues.net\/wp-content\/uploads\/2022\/04\/HaparandaTornio-stamp-dark-1-293x300.png\",\"datePublished\":\"2018-10-05T11:46:58+00:00\",\"dateModified\":\"2023-02-07T14:03:43+00:00\",\"breadcrumb\":{\"@id\":\"https:\/\/www.kalottjazzblues.net\/sv\/bo-ata\/#breadcrumb\"},\"inLanguage\":\"sv-SE\",\"potentialAction\":[{\"@type\":\"ReadAction\",\"target\":[\"https:\/\/www.kalottjazzblues.net\/sv\/bo-ata\/\"]}]},{\"@type\":\"ImageObject\",\"inLanguage\":\"sv-SE\",\"@id\":\"https:\/\/www.kalottjazzblues.net\/sv\/bo-ata\/#primaryimage\",\"url\":\"https:\/\/www.kalottjazzblues.net\/wp-content\/uploads\/2022\/04\/HaparandaTornio-stamp-dark-1-293x300.png\",\"contentUrl\":\"https:\/\/www.kalottjazzblues.net\/wp-content\/uploads\/2022\/04\/HaparandaTornio-stamp-dark-1-293x300.png\"},{\"@type\":\"BreadcrumbList\",\"@id\":\"https:\/\/www.kalottjazzblues.net\/sv\/bo-ata\/#breadcrumb\",\"itemListElement\":[{\"@type\":\"ListItem\",\"position\":1,\"name\":\"Home\",\"item\":\"https:\/\/www.kalottjazzblues.net\/\"},{\"@type\":\"ListItem\",\"position\":2,\"name\":\"Your stay\"}]},{\"@type\":\"WebSite\",\"@id\":\"https:\/\/www.kalottjazzblues.net\/#website\",\"url\":\"https:\/\/www.kalottjazzblues.net\/\",\"name\":\"Kalott Jazz&amp;Blues\",\"description\":\"42th Festival 26 to 28th of June\",\"publisher\":{\"@id\":\"https:\/\/www.kalottjazzblues.net\/#organization\"},\"potentialAction\":[{\"@type\":\"SearchAction\",\"target\":{\"@type\":\"EntryPoint\",\"urlTemplate\":\"https:\/\/www.kalottjazzblues.net\/?s={search_term_string}\"},\"query-input\":{\"@type\":\"PropertyValueSpecification\",\"valueRequired\":true,\"valueName\":\"search_term_string\"}}],\"inLanguage\":\"sv-SE\"},{\"@type\":\"Organization\",\"@id\":\"https:\/\/www.kalottjazzblues.net\/#organization\",\"name\":\"Kalott Jazz&amp;Blues\",\"url\":\"https:\/\/www.kalottjazzblues.net\/\",\"logo\":{\"@type\":\"ImageObject\",\"inLanguage\":\"sv-SE\",\"@id\":\"https:\/\/www.kalottjazzblues.net\/#\/schema\/logo\/image\/\",\"url\":\"https:\/\/www.kalottjazzblues.net\/wp-content\/uploads\/2023\/03\/cropped-logo-2-1.png\",\"contentUrl\":\"https:\/\/www.kalottjazzblues.net\/wp-content\/uploads\/2023\/03\/cropped-logo-2-1.png\",\"width\":920,\"height\":1142,\"caption\":\"Kalott Jazz&amp;Blues\"},\"image\":{\"@id\":\"https:\/\/www.kalottjazzblues.net\/#\/schema\/logo\/image\/\"},\"sameAs\":[\"http:\/\/www.facebook.com\/KalottjazzBluesFestival\"]}]}<\/script>\n<!-- \/ Yoast SEO plugin. -->","yoast_head_json":{"title":"Your stay - Kalott Jazz&amp;Blues","robots":{"index":"index","follow":"follow","max-snippet":"max-snippet:-1","max-image-preview":"max-image-preview:large","max-video-preview":"max-video-preview:-1"},"canonical":"https:\/\/www.kalottjazzblues.net\/sv\/bo-ata\/","og_locale":"sv_SE","og_type":"article","og_title":"Your stay - Kalott Jazz&amp;Blues","og_description":"HaparandaTornio.com Double the adventure! Are you thirsty for adventure? Breathe in the fresh sea air at the melting pot of two cultures. With us, you will find activities and versatile accommodation options. Whether you are traveling alone or with the whole family. On www.haparandatornio.com, you can get to know the best we have to offer &hellip; Read More \"Your stay\"","og_url":"https:\/\/www.kalottjazzblues.net\/sv\/bo-ata\/","og_site_name":"Kalott Jazz&amp;Blues","article_publisher":"http:\/\/www.facebook.com\/KalottjazzBluesFestival","article_modified_time":"2023-02-07T14:03:43+00:00","og_image":[{"url":"https:\/\/www.kalottjazzblues.net\/wp-content\/uploads\/2022\/04\/HaparandaTornio-stamp-dark-1-293x300.png","type":"","width":"","height":""}],"twitter_card":"summary_large_image","twitter_misc":{"Ber\u00e4knad l\u00e4stid":"1 minut"},"schema":{"@context":"https:\/\/schema.org","@graph":[{"@type":"WebPage","@id":"https:\/\/www.kalottjazzblues.net\/sv\/bo-ata\/","url":"https:\/\/www.kalottjazzblues.net\/sv\/bo-ata\/","name":"Your stay - Kalott Jazz&amp;Blues","isPartOf":{"@id":"https:\/\/www.kalottjazzblues.net\/#website"},"primaryImageOfPage":{"@id":"https:\/\/www.kalottjazzblues.net\/sv\/bo-ata\/#primaryimage"},"image":{"@id":"https:\/\/www.kalottjazzblues.net\/sv\/bo-ata\/#primaryimage"},"thumbnailUrl":"https:\/\/www.kalottjazzblues.net\/wp-content\/uploads\/2022\/04\/HaparandaTornio-stamp-dark-1-293x300.png","datePublished":"2018-10-05T11:46:58+00:00","dateModified":"2023-02-07T14:03:43+00:00","breadcrumb":{"@id":"https:\/\/www.kalottjazzblues.net\/sv\/bo-ata\/#breadcrumb"},"inLanguage":"sv-SE","potentialAction":[{"@type":"ReadAction","target":["https:\/\/www.kalottjazzblues.net\/sv\/bo-ata\/"]}]},{"@type":"ImageObject","inLanguage":"sv-SE","@id":"https:\/\/www.kalottjazzblues.net\/sv\/bo-ata\/#primaryimage","url":"https:\/\/www.kalottjazzblues.net\/wp-content\/uploads\/2022\/04\/HaparandaTornio-stamp-dark-1-293x300.png","contentUrl":"https:\/\/www.kalottjazzblues.net\/wp-content\/uploads\/2022\/04\/HaparandaTornio-stamp-dark-1-293x300.png"},{"@type":"BreadcrumbList","@id":"https:\/\/www.kalottjazzblues.net\/sv\/bo-ata\/#breadcrumb","itemListElement":[{"@type":"ListItem","position":1,"name":"Home","item":"https:\/\/www.kalottjazzblues.net\/"},{"@type":"ListItem","position":2,"name":"Your stay"}]},{"@type":"WebSite","@id":"https:\/\/www.kalottjazzblues.net\/#website","url":"https:\/\/www.kalottjazzblues.net\/","name":"Kalott Jazz&amp;Blues","description":"42th Festival 26 to 28th of June","publisher":{"@id":"https:\/\/www.kalottjazzblues.net\/#organization"},"potentialAction":[{"@type":"SearchAction","target":{"@type":"EntryPoint","urlTemplate":"https:\/\/www.kalottjazzblues.net\/?s={search_term_string}"},"query-input":{"@type":"PropertyValueSpecification","valueRequired":true,"valueName":"search_term_string"}}],"inLanguage":"sv-SE"},{"@type":"Organization","@id":"https:\/\/www.kalottjazzblues.net\/#organization","name":"Kalott Jazz&amp;Blues","url":"https:\/\/www.kalottjazzblues.net\/","logo":{"@type":"ImageObject","inLanguage":"sv-SE","@id":"https:\/\/www.kalottjazzblues.net\/#\/schema\/logo\/image\/","url":"https:\/\/www.kalottjazzblues.net\/wp-content\/uploads\/2023\/03\/cropped-logo-2-1.png","contentUrl":"https:\/\/www.kalottjazzblues.net\/wp-content\/uploads\/2023\/03\/cropped-logo-2-1.png","width":920,"height":1142,"caption":"Kalott Jazz&amp;Blues"},"image":{"@id":"https:\/\/www.kalottjazzblues.net\/#\/schema\/logo\/image\/"},"sameAs":["http:\/\/www.facebook.com\/KalottjazzBluesFestival"]}]}},"_links":{"self":[{"href":"https:\/\/www.kalottjazzblues.net\/sv\/wp-json\/wp\/v2\/pages\/249"}],"collection":[{"href":"https:\/\/www.kalottjazzblues.net\/sv\/wp-json\/wp\/v2\/pages"}],"about":[{"href":"https:\/\/www.kalottjazzblues.net\/sv\/wp-json\/wp\/v2\/types\/page"}],"author":[{"embeddable":true,"href":"https:\/\/www.kalottjazzblues.net\/sv\/wp-json\/wp\/v2\/users\/1"}],"replies":[{"embeddable":true,"href":"https:\/\/www.kalottjazzblues.net\/sv\/wp-json\/wp\/v2\/comments?post=249"}],"version-history":[{"count":24,"href":"https:\/\/www.kalottjazzblues.net\/sv\/wp-json\/wp\/v2\/pages\/249\/revisions"}],"predecessor-version":[{"id":3577,"href":"https:\/\/www.kalottjazzblues.net\/sv\/wp-json\/wp\/v2\/pages\/249\/revisions\/3577"}],"wp:attachment":[{"href":"https:\/\/www.kalottjazzblues.net\/sv\/wp-json\/wp\/v2\/media?parent=249"}],"curies":[{"name":"wp","href":"https:\/\/api.w.org\/{rel}","templated":true}]}}