{"id":1541,"date":"2019-06-07T15:53:38","date_gmt":"2019-06-07T12:53:38","guid":{"rendered":"https:\/\/www.kalottjazzblues.net\/?page_id=1541"},"modified":"2025-06-25T10:24:00","modified_gmt":"2025-06-25T07:24:00","slug":"tickets","status":"publish","type":"page","link":"https:\/\/www.kalottjazzblues.net\/fi\/tickets\/","title":{"rendered":"Liput"},"content":{"rendered":"<div data-elementor-type=\"wp-page\" data-elementor-id=\"1541\" class=\"elementor elementor-1541\" data-elementor-post-type=\"page\">\n\t\t\t\t\t\t<section class=\"elementor-section elementor-top-section elementor-element elementor-element-2571659 elementor-section-boxed elementor-section-height-default elementor-section-height-default\" data-id=\"2571659\" data-element_type=\"section\">\n\t\t\t\t\t\t<div class=\"elementor-container elementor-column-gap-default\">\n\t\t\t\t\t<div class=\"elementor-column elementor-col-100 elementor-top-column elementor-element elementor-element-df5580f\" data-id=\"df5580f\" data-element_type=\"column\">\n\t\t\t<div class=\"elementor-widget-wrap elementor-element-populated\">\n\t\t\t\t\t\t<div class=\"elementor-element elementor-element-97c0536 elementor-widget elementor-widget-spacer\" data-id=\"97c0536\" data-element_type=\"widget\" data-widget_type=\"spacer.default\">\n\t\t\t\t<div class=\"elementor-widget-container\">\n\t\t\t\t\t\t\t<div class=\"elementor-spacer\">\n\t\t\t<div class=\"elementor-spacer-inner\"><\/div>\n\t\t<\/div>\n\t\t\t\t\t\t<\/div>\n\t\t\t\t<\/div>\n\t\t\t\t<div class=\"elementor-element elementor-element-bc375de elementor-align-center elementor-widget elementor-widget-heading\" data-id=\"bc375de\" data-element_type=\"widget\" data-widget_type=\"heading.default\">\n\t\t\t\t<div class=\"elementor-widget-container\">\n\t\t\t\t\t<h2 class=\"elementor-heading-title elementor-size-default\">TIKETS<\/h2>\t\t\t\t<\/div>\n\t\t\t\t<\/div>\n\t\t\t\t<div class=\"elementor-element elementor-element-a01c461 elementor-widget elementor-widget-spacer\" data-id=\"a01c461\" data-element_type=\"widget\" data-widget_type=\"spacer.default\">\n\t\t\t\t<div class=\"elementor-widget-container\">\n\t\t\t\t\t\t\t<div class=\"elementor-spacer\">\n\t\t\t<div class=\"elementor-spacer-inner\"><\/div>\n\t\t<\/div>\n\t\t\t\t\t\t<\/div>\n\t\t\t\t<\/div>\n\t\t\t\t\t<\/div>\n\t\t<\/div>\n\t\t\t\t\t<\/div>\n\t\t<\/section>\n\t\t\t\t<section class=\"elementor-section elementor-top-section elementor-element elementor-element-57adb483 elementor-section-stretched elementor-section-boxed elementor-section-height-default elementor-section-height-default\" data-id=\"57adb483\" data-element_type=\"section\" data-settings=\"{&quot;background_background&quot;:&quot;classic&quot;,&quot;stretch_section&quot;:&quot;section-stretched&quot;}\">\n\t\t\t\t\t\t\t<div class=\"elementor-background-overlay\"><\/div>\n\t\t\t\t\t\t\t<div class=\"elementor-container elementor-column-gap-default\">\n\t\t\t\t\t<div class=\"elementor-column elementor-col-100 elementor-top-column elementor-element elementor-element-32372ff\" data-id=\"32372ff\" data-element_type=\"column\">\n\t\t\t<div class=\"elementor-widget-wrap elementor-element-populated\">\n\t\t\t\t\t\t<div class=\"elementor-element elementor-element-09a5131 elementor-widget elementor-widget-spacer\" data-id=\"09a5131\" data-element_type=\"widget\" data-widget_type=\"spacer.default\">\n\t\t\t\t<div class=\"elementor-widget-container\">\n\t\t\t\t\t\t\t<div class=\"elementor-spacer\">\n\t\t\t<div class=\"elementor-spacer-inner\"><\/div>\n\t\t<\/div>\n\t\t\t\t\t\t<\/div>\n\t\t\t\t<\/div>\n\t\t\t\t<div class=\"elementor-element elementor-element-b36f7d1 elementor-widget__width-initial elementor-widget elementor-widget-heading\" data-id=\"b36f7d1\" data-element_type=\"widget\" data-widget_type=\"heading.default\">\n\t\t\t\t<div class=\"elementor-widget-container\">\n\t\t\t\t\t<h2 class=\"elementor-heading-title elementor-size-default\">Kalottjazz &amp; Bluesfestivaali 2025 -liput myynniss\u00e4 nyt!<\/h2>\t\t\t\t<\/div>\n\t\t\t\t<\/div>\n\t\t\t\t<div class=\"elementor-element elementor-element-4b4abeb elementor-widget elementor-widget-spacer\" data-id=\"4b4abeb\" data-element_type=\"widget\" data-widget_type=\"spacer.default\">\n\t\t\t\t<div class=\"elementor-widget-container\">\n\t\t\t\t\t\t\t<div class=\"elementor-spacer\">\n\t\t\t<div class=\"elementor-spacer-inner\"><\/div>\n\t\t<\/div>\n\t\t\t\t\t\t<\/div>\n\t\t\t\t<\/div>\n\t\t\t\t<div class=\"elementor-element elementor-element-c4ca463 elementor-button-primary elementor-widget elementor-widget-button\" data-id=\"c4ca463\" data-element_type=\"widget\" data-widget_type=\"button.default\">\n\t\t\t\t<div class=\"elementor-widget-container\">\n\t\t\t\t\t        <div class=\"elementor-button-wrapper\">\n            <a href=\"https:\/\/www.ticketmaster.fi\/artist\/kalottjazz-blues-lippuja\/1170144\" class=\"elementor-button-link elementor-button elementor-size-lg\" target=\"_blank\" role=\"button\">\n                \t\t<span class=\"elementor-button-content-wrapper\">\n\t\t\t\t\t\t\t\t\t<span class=\"elementor-button-text\">T\u00c4ST\u00c4 KAUPPAAN!<\/span>\n\t\t\t\t\t<\/span>\n\t\t            <\/a>\n        <\/div>\n        \t\t\t\t<\/div>\n\t\t\t\t<\/div>\n\t\t\t\t<div class=\"elementor-element elementor-element-d522f0e elementor-widget__width-initial elementor-widget elementor-widget-text-editor\" data-id=\"d522f0e\" data-element_type=\"widget\" data-widget_type=\"text-editor.default\">\n\t\t\t\t<div class=\"elementor-widget-container\">\n\t\t\t\t\t        <div class=\"elementor-text-editor elementor-clearfix\"><p><strong>Liput myynniss\u00e4 ennakkoon www.ticketmaster.fi\u00a0<\/strong><\/p><ul><li><strong><span style=\"color: var( --e-global-color-text ); font-size: 1rem;\">Music Gallery 20\u20ac \/ 200kr<\/span><\/strong><\/li><li><strong>Blues Night 30\u20ac \/ 300kr<\/strong><\/li><li><strong>Picnic Jazz 15\u20ac\/150kr <\/strong>&#8211; sold only at the door and at the festival office<\/li><li><strong>Jazz at Art park 30\u20ac \/ 300kr<\/strong><\/li><li><strong>Summer Light music 20\u20ac\/200kr<\/strong><\/li><li><strong>Festival Pass 70\u20ac\/700kr\u00a0<\/strong><\/li><\/ul><p><strong>LIPPUINFO<\/strong><\/p><p><span dir=\"ltr\">Tickets for the Kalottjazz &amp; Blues festival can be purchased in advance from Ticketmaster\u2019s online store. The festival office sells tickets on Friday and Saturday. <strong>Ticket payment in the festival area only with card.<\/strong> <\/span><span dir=\"ltr\">Tickets are exchanged for wristbands in the festival area or in the festival office (does not apply to Back Alley Jazz or Summer Light Music church concerts). Tickets to Back Alley Jazz concert are only sold at the door and festival office. <\/span><span dir=\"ltr\">Blues Night \u2013konsertissa on 18 vuoden ik\u00e4raja, muut konsertit ovat ik\u00e4rajattomia. Alle 12-vuotiaat p\u00e4\u00e4sev\u00e4t huoltajan seurassa maksutta konsertteihin. Kalottjazz &amp; Blues konsertteihin p\u00e4\u00e4set my\u00f6s Kaikukortilla.<\/span><\/p><p><span dir=\"ltr\">\u00a0<\/span><\/p><\/div>\n        \t\t\t\t<\/div>\n\t\t\t\t<\/div>\n\t\t\t\t<div class=\"elementor-element elementor-element-752d04c elementor-widget elementor-widget-text-editor\" data-id=\"752d04c\" data-element_type=\"widget\" data-widget_type=\"text-editor.default\">\n\t\t\t\t<div class=\"elementor-widget-container\">\n\t\t\t\t\t        <div class=\"elementor-text-editor elementor-clearfix\"><p><span style=\"color: #000000;\"><b>FESTIVAL OFFICE OPEN: THU <\/b><b>26.6. klo 12-16, FRI-SAT 27.-28.6. klo 12-18<\/b><b>\u00a0<\/b><\/span><span style=\"color: #000000; font-size: 1rem;\">Keskikatu 22, Tornio\u00a0<\/span><\/p><p><span style=\"color: #000000; font-size: 1rem;\">\u00a0<\/span><\/p><\/div>\n        \t\t\t\t<\/div>\n\t\t\t\t<\/div>\n\t\t\t\t<div class=\"elementor-element elementor-element-7d9ffcb elementor-widget elementor-widget-icon-list\" data-id=\"7d9ffcb\" data-element_type=\"widget\" data-widget_type=\"icon-list.default\">\n\t\t\t\t<div class=\"elementor-widget-container\">\n\t\t\t\t\t        <ul class=\"elementor-icon-list-items\">\n                            <li class=\"elementor-icon-list-item\" >\n                                            <span class=\"elementor-icon-list-icon\">\n\t\t\t\t\t\t\t<i class=\"fa fa-check\" aria-hidden=\"true\"><\/i>\n\t\t\t\t\t\t<\/span>\n                                        <span class=\"elementor-icon-list-text\">Festivaalipassi 70\u20ac \/ 700kr<\/span>\n                                    <\/li>\n                    <\/ul>\n        \t\t\t\t<\/div>\n\t\t\t\t<\/div>\n\t\t\t\t<div class=\"elementor-element elementor-element-9e6cfe2 elementor-widget elementor-widget-text-editor\" data-id=\"9e6cfe2\" data-element_type=\"widget\" data-widget_type=\"text-editor.default\">\n\t\t\t\t<div class=\"elementor-widget-container\">\n\t\t\t\t\t        <div class=\"elementor-text-editor elementor-clearfix\"><div style=\"--flex-direction: initial; --flex-wrap: initial; --justify-content: initial; --align-items: initial; --align-content: initial; --gap: initial; --flex-basis: initial; --flex-grow: initial; --flex-shrink: initial; --order: initial; --align-self: initial; flex-direction: var(--flex-direction); flex-wrap: var(--flex-wrap); -webkit-box-pack: var(--justify-content); justify-content: var(--justify-content); -webkit-box-align: var(--align-items); align-items: var(--align-items); align-content: var(--align-content); gap: var(--gap); flex-basis: var(--flex-basis); -webkit-box-flex: var(--flex-grow); flex-grow: var(--flex-grow); flex-shrink: var(--flex-shrink); -webkit-box-ordinal-group: var(--order); order: var(--order); align-self: var(--align-self); --widgets-spacing: 20px; width: 1120px; --e-icon-list-icon-size: 39px;\" data-id=\"7357af2\" data-element_type=\"widget\" data-widget_type=\"icon-list.default\">\n<div>\n<div><span style=\"color: var( --e-global-color-text ); font-family: var( --e-global-typography-text-font-family ), Sans-serif; font-size: 1rem;\">Kalottjazz &amp;Blues festivaali&nbsp;<\/span><span style=\"color: var( --e-global-color-text ); font-family: var( --e-global-typography-text-font-family ), Sans-serif; font-size: 1rem;\">passi<\/span><span style=\"color: var( --e-global-color-text ); font-family: var( --e-global-typography-text-font-family ), Sans-serif; font-size: 1rem;\"> oikeuttaa sis\u00e4\u00e4np\u00e4\u00e4syyn kaikkiin konsertteihin.<\/span><\/div>\n<div><span style=\"color: var( --e-global-color-text ); font-family: var( --e-global-typography-text-font-family ), Sans-serif; font-size: 1rem;\">&nbsp;<\/span><\/div>\n<\/div>\n<\/div>\n<div style=\"--flex-direction: initial; --flex-wrap: initial; --justify-content: initial; --align-items: initial; --align-content: initial; --gap: initial; --flex-basis: initial; --flex-grow: initial; --flex-shrink: initial; --order: initial; --align-self: initial; flex-direction: var(--flex-direction); flex-wrap: var(--flex-wrap); -webkit-box-pack: var(--justify-content); justify-content: var(--justify-content); -webkit-box-align: var(--align-items); align-items: var(--align-items); align-content: var(--align-content); gap: var(--gap); flex-basis: var(--flex-basis); -webkit-box-flex: var(--flex-grow); flex-grow: var(--flex-grow); flex-shrink: var(--flex-shrink); -webkit-box-ordinal-group: var(--order); order: var(--order); align-self: var(--align-self); --widgets-spacing: 20px; font-family: var( --e-global-typography-text-font-family ), Sans-serif; font-weight: 400; width: 1120px;\" data-id=\"3281585b\" data-element_type=\"widget\" data-widget_type=\"text-editor.default\">\n<p>Pid\u00e4t\u00e4mme oikeuden muutoksiin.<\/p><p><br><\/p>\n<\/div><\/div>\n        \t\t\t\t<\/div>\n\t\t\t\t<\/div>\n\t\t\t\t\t<\/div>\n\t\t<\/div>\n\t\t\t\t\t<\/div>\n\t\t<\/section>\n\t\t\t\t<\/div>","protected":false},"excerpt":{"rendered":"<p>TIKETS Kalottjazz &amp; Blues 2025 tickets available now! BUY HERE! Tickets are sold in advance at: www.ticketmaster.fi\u00a0 Music Gallery 20\u20ac \/ 200kr Blues Night 30\u20ac \/ 300kr Picnic Jazz 15\u20ac\/150kr &#8211; sold only at the door and at the festival office Jazz at Art park 30\u20ac \/ 300kr Summer Light music 20\u20ac\/200kr Festival Pass 70\u20ac\/700kr\u00a0 &hellip; <span class=\"more-link-wrap\"><a href=\"https:\/\/www.kalottjazzblues.net\/fi\/tickets\/\" class=\"more-link\">Read More <span class=\"screen-reader-text\"> &#8220;Tickets&#8221;<\/span><\/a><\/span><\/p>","protected":false},"author":1,"featured_media":0,"parent":0,"menu_order":0,"comment_status":"closed","ping_status":"closed","template":"","meta":{"inline_featured_image":false,"footnotes":""},"yoast_head":"<!-- This site is optimized with the Yoast SEO plugin v24.5 - https:\/\/yoast.com\/wordpress\/plugins\/seo\/ -->\n<title>Tickets - Kalott Jazz&amp;Blues<\/title>\n<meta name=\"robots\" content=\"index, follow, max-snippet:-1, max-image-preview:large, max-video-preview:-1\" \/>\n<link rel=\"canonical\" href=\"https:\/\/www.kalottjazzblues.net\/fi\/liput\/\" \/>\n<meta property=\"og:locale\" content=\"fi_FI\" \/>\n<meta property=\"og:type\" content=\"article\" \/>\n<meta property=\"og:title\" content=\"Tickets - Kalott Jazz&amp;Blues\" \/>\n<meta property=\"og:description\" content=\"TIKETS Kalottjazz &amp; Blues 2025 tickets available now! BUY HERE! Tickets are sold in advance at: www.ticketmaster.fi\u00a0 Music Gallery 20\u20ac \/ 200kr Blues Night 30\u20ac \/ 300kr Picnic Jazz 15\u20ac\/150kr &#8211; sold only at the door and at the festival office Jazz at Art park 30\u20ac \/ 300kr Summer Light music 20\u20ac\/200kr Festival Pass 70\u20ac\/700kr\u00a0 &hellip; Read More &quot;Tickets&quot;\" \/>\n<meta property=\"og:url\" content=\"https:\/\/www.kalottjazzblues.net\/fi\/liput\/\" \/>\n<meta property=\"og:site_name\" content=\"Kalott Jazz&amp;Blues\" \/>\n<meta property=\"article:publisher\" content=\"http:\/\/www.facebook.com\/KalottjazzBluesFestival\" \/>\n<meta property=\"article:modified_time\" content=\"2025-06-25T07:24:00+00:00\" \/>\n<meta property=\"og:image\" content=\"https:\/\/www.kalottjazzblues.net\/wp-content\/uploads\/2018\/12\/fb-shared-image-1200x630px.png\" \/>\n\t<meta property=\"og:image:width\" content=\"1200\" \/>\n\t<meta property=\"og:image:height\" content=\"630\" \/>\n\t<meta property=\"og:image:type\" content=\"image\/png\" \/>\n<meta name=\"twitter:card\" content=\"summary_large_image\" \/>\n<meta name=\"twitter:label1\" content=\"Arvioitu lukuaika\" \/>\n\t<meta name=\"twitter:data1\" content=\"1 minuutti\" \/>\n<script type=\"application\/ld+json\" class=\"yoast-schema-graph\">{\"@context\":\"https:\/\/schema.org\",\"@graph\":[{\"@type\":\"WebPage\",\"@id\":\"https:\/\/www.kalottjazzblues.net\/tickets\/\",\"url\":\"https:\/\/www.kalottjazzblues.net\/tickets\/\",\"name\":\"Tickets - Kalott Jazz&amp;Blues\",\"isPartOf\":{\"@id\":\"https:\/\/www.kalottjazzblues.net\/#website\"},\"datePublished\":\"2019-06-07T12:53:38+00:00\",\"dateModified\":\"2025-06-25T07:24:00+00:00\",\"breadcrumb\":{\"@id\":\"https:\/\/www.kalottjazzblues.net\/tickets\/#breadcrumb\"},\"inLanguage\":\"fi\",\"potentialAction\":[{\"@type\":\"ReadAction\",\"target\":[\"https:\/\/www.kalottjazzblues.net\/tickets\/\"]}]},{\"@type\":\"BreadcrumbList\",\"@id\":\"https:\/\/www.kalottjazzblues.net\/tickets\/#breadcrumb\",\"itemListElement\":[{\"@type\":\"ListItem\",\"position\":1,\"name\":\"Home\",\"item\":\"https:\/\/www.kalottjazzblues.net\/\"},{\"@type\":\"ListItem\",\"position\":2,\"name\":\"Tickets\"}]},{\"@type\":\"WebSite\",\"@id\":\"https:\/\/www.kalottjazzblues.net\/#website\",\"url\":\"https:\/\/www.kalottjazzblues.net\/\",\"name\":\"Kalott Jazz&amp;Blues\",\"description\":\"42th Festival 26 to 28th of June\",\"publisher\":{\"@id\":\"https:\/\/www.kalottjazzblues.net\/#organization\"},\"potentialAction\":[{\"@type\":\"SearchAction\",\"target\":{\"@type\":\"EntryPoint\",\"urlTemplate\":\"https:\/\/www.kalottjazzblues.net\/?s={search_term_string}\"},\"query-input\":{\"@type\":\"PropertyValueSpecification\",\"valueRequired\":true,\"valueName\":\"search_term_string\"}}],\"inLanguage\":\"fi\"},{\"@type\":\"Organization\",\"@id\":\"https:\/\/www.kalottjazzblues.net\/#organization\",\"name\":\"Kalott Jazz&amp;Blues\",\"url\":\"https:\/\/www.kalottjazzblues.net\/\",\"logo\":{\"@type\":\"ImageObject\",\"inLanguage\":\"fi\",\"@id\":\"https:\/\/www.kalottjazzblues.net\/#\/schema\/logo\/image\/\",\"url\":\"https:\/\/www.kalottjazzblues.net\/wp-content\/uploads\/2023\/03\/cropped-logo-2-1.png\",\"contentUrl\":\"https:\/\/www.kalottjazzblues.net\/wp-content\/uploads\/2023\/03\/cropped-logo-2-1.png\",\"width\":920,\"height\":1142,\"caption\":\"Kalott Jazz&amp;Blues\"},\"image\":{\"@id\":\"https:\/\/www.kalottjazzblues.net\/#\/schema\/logo\/image\/\"},\"sameAs\":[\"http:\/\/www.facebook.com\/KalottjazzBluesFestival\"]}]}<\/script>\n<!-- \/ Yoast SEO plugin. -->","yoast_head_json":{"title":"Tickets - Kalott Jazz&amp;Blues","robots":{"index":"index","follow":"follow","max-snippet":"max-snippet:-1","max-image-preview":"max-image-preview:large","max-video-preview":"max-video-preview:-1"},"canonical":"https:\/\/www.kalottjazzblues.net\/fi\/liput\/","og_locale":"fi_FI","og_type":"article","og_title":"Tickets - Kalott Jazz&amp;Blues","og_description":"TIKETS Kalottjazz &amp; Blues 2025 tickets available now! BUY HERE! Tickets are sold in advance at: www.ticketmaster.fi\u00a0 Music Gallery 20\u20ac \/ 200kr Blues Night 30\u20ac \/ 300kr Picnic Jazz 15\u20ac\/150kr &#8211; sold only at the door and at the festival office Jazz at Art park 30\u20ac \/ 300kr Summer Light music 20\u20ac\/200kr Festival Pass 70\u20ac\/700kr\u00a0 &hellip; Read More \"Tickets\"","og_url":"https:\/\/www.kalottjazzblues.net\/fi\/liput\/","og_site_name":"Kalott Jazz&amp;Blues","article_publisher":"http:\/\/www.facebook.com\/KalottjazzBluesFestival","article_modified_time":"2025-06-25T07:24:00+00:00","og_image":[{"width":1200,"height":630,"url":"https:\/\/www.kalottjazzblues.net\/wp-content\/uploads\/2018\/12\/fb-shared-image-1200x630px.png","type":"image\/png"}],"twitter_card":"summary_large_image","twitter_misc":{"Arvioitu lukuaika":"1 minuutti"},"schema":{"@context":"https:\/\/schema.org","@graph":[{"@type":"WebPage","@id":"https:\/\/www.kalottjazzblues.net\/tickets\/","url":"https:\/\/www.kalottjazzblues.net\/tickets\/","name":"Tickets - Kalott Jazz&amp;Blues","isPartOf":{"@id":"https:\/\/www.kalottjazzblues.net\/#website"},"datePublished":"2019-06-07T12:53:38+00:00","dateModified":"2025-06-25T07:24:00+00:00","breadcrumb":{"@id":"https:\/\/www.kalottjazzblues.net\/tickets\/#breadcrumb"},"inLanguage":"fi","potentialAction":[{"@type":"ReadAction","target":["https:\/\/www.kalottjazzblues.net\/tickets\/"]}]},{"@type":"BreadcrumbList","@id":"https:\/\/www.kalottjazzblues.net\/tickets\/#breadcrumb","itemListElement":[{"@type":"ListItem","position":1,"name":"Home","item":"https:\/\/www.kalottjazzblues.net\/"},{"@type":"ListItem","position":2,"name":"Tickets"}]},{"@type":"WebSite","@id":"https:\/\/www.kalottjazzblues.net\/#website","url":"https:\/\/www.kalottjazzblues.net\/","name":"Kalott Jazz&amp;Blues","description":"42th Festival 26 to 28th of June","publisher":{"@id":"https:\/\/www.kalottjazzblues.net\/#organization"},"potentialAction":[{"@type":"SearchAction","target":{"@type":"EntryPoint","urlTemplate":"https:\/\/www.kalottjazzblues.net\/?s={search_term_string}"},"query-input":{"@type":"PropertyValueSpecification","valueRequired":true,"valueName":"search_term_string"}}],"inLanguage":"fi"},{"@type":"Organization","@id":"https:\/\/www.kalottjazzblues.net\/#organization","name":"Kalott Jazz&amp;Blues","url":"https:\/\/www.kalottjazzblues.net\/","logo":{"@type":"ImageObject","inLanguage":"fi","@id":"https:\/\/www.kalottjazzblues.net\/#\/schema\/logo\/image\/","url":"https:\/\/www.kalottjazzblues.net\/wp-content\/uploads\/2023\/03\/cropped-logo-2-1.png","contentUrl":"https:\/\/www.kalottjazzblues.net\/wp-content\/uploads\/2023\/03\/cropped-logo-2-1.png","width":920,"height":1142,"caption":"Kalott Jazz&amp;Blues"},"image":{"@id":"https:\/\/www.kalottjazzblues.net\/#\/schema\/logo\/image\/"},"sameAs":["http:\/\/www.facebook.com\/KalottjazzBluesFestival"]}]}},"_links":{"self":[{"href":"https:\/\/www.kalottjazzblues.net\/fi\/wp-json\/wp\/v2\/pages\/1541"}],"collection":[{"href":"https:\/\/www.kalottjazzblues.net\/fi\/wp-json\/wp\/v2\/pages"}],"about":[{"href":"https:\/\/www.kalottjazzblues.net\/fi\/wp-json\/wp\/v2\/types\/page"}],"author":[{"embeddable":true,"href":"https:\/\/www.kalottjazzblues.net\/fi\/wp-json\/wp\/v2\/users\/1"}],"replies":[{"embeddable":true,"href":"https:\/\/www.kalottjazzblues.net\/fi\/wp-json\/wp\/v2\/comments?post=1541"}],"version-history":[{"count":168,"href":"https:\/\/www.kalottjazzblues.net\/fi\/wp-json\/wp\/v2\/pages\/1541\/revisions"}],"predecessor-version":[{"id":4893,"href":"https:\/\/www.kalottjazzblues.net\/fi\/wp-json\/wp\/v2\/pages\/1541\/revisions\/4893"}],"wp:attachment":[{"href":"https:\/\/www.kalottjazzblues.net\/fi\/wp-json\/wp\/v2\/media?parent=1541"}],"curies":[{"name":"wp","href":"https:\/\/api.w.org\/{rel}","templated":true}]}}